{"id":849,"date":"2026-02-05T09:11:20","date_gmt":"2026-02-05T08:11:20","guid":{"rendered":"https:\/\/ateliersaintamour.fr\/?post_type=product&#038;p=849"},"modified":"2026-02-05T09:11:20","modified_gmt":"2026-02-05T08:11:20","slug":"fleursbleues","status":"publish","type":"product","link":"https:\/\/ateliersaintamour.fr\/?product=fleursbleues","title":{"rendered":"LES FLEURS BLEUES"},"content":{"rendered":"<p>LES FLEURS BLEUES<\/p>\n<p>Risographie &#8211; Affiche A4<\/p>\n<p>Prix 15\u20ac<\/p>\n<p>&nbsp;<\/p>\n<p>Monochrome\u00a0: Bleu<\/p>\n<p>Technique\u00a0: Risographie<\/p>\n<p>Format\u00a0: A4<\/p>\n<p>Papier Munken Polar 240gr<br \/>\nDessin\u00e9 et imprim\u00e9 en France<\/p>\n<p>Cadre non inclus<\/p>\n<p>&nbsp;<\/p>\n<p>La risographie est une technique d\u2019impression \u00e9cologique, qui utilise des encres v\u00e9g\u00e9tales et un proc\u00e9d\u00e9 \u00e0 froid. Elle permet d\u2019imprimer des couleurs vives en tons directs, offrant un rendu textur\u00e9.<br \/>\nChaque impression \u00e9tant unique, la densit\u00e9 des couleurs peut varier.<\/p>\n<p>&nbsp;<\/p>\n","protected":false},"excerpt":{"rendered":"<p>Monochrome\u00a0: Bleu<\/p>\n<p>Technique\u00a0: Risographie<\/p>\n<p>Format\u00a0: A4<\/p>\n<p>Papier Munken Polar 240gr<br \/>\nDessin\u00e9 et imprim\u00e9 en France<\/p>\n","protected":false},"featured_media":850,"comment_status":"open","ping_status":"closed","template":"","meta":{"om_disable_all_campaigns":false,"_monsterinsights_skip_tracking":false,"_monsterinsights_sitenote_active":false,"_monsterinsights_sitenote_note":"","_monsterinsights_sitenote_category":0,"site-sidebar-layout":"default","site-content-layout":"","ast-site-content-layout":"default","site-content-style":"default","site-sidebar-style":"default","ast-global-header-display":"","ast-banner-title-visibility":"","ast-main-header-display":"","ast-hfb-above-header-display":"","ast-hfb-below-header-display":"","ast-hfb-mobile-header-display":"","site-post-title":"","ast-breadcrumbs-content":"","ast-featured-img":"","footer-sml-layout":"","ast-disable-related-posts":"","theme-transparent-header-meta":"default","adv-header-id-meta":"","stick-header-meta":"","header-above-stick-meta":"","header-main-stick-meta":"","header-below-stick-meta":"","astra-migrate-meta-layouts":"set","ast-page-background-enabled":"default","ast-page-background-meta":{"desktop":{"background-color":"var(--ast-global-color-4)","background-image":"","background-repeat":"repeat","background-position":"center center","background-size":"auto","background-attachment":"scroll","background-type":"","background-media":"","overlay-type":"","overlay-color":"","overlay-opacity":"","overlay-gradient":""},"tablet":{"background-color":"","background-image":"","background-repeat":"repeat","background-position":"center center","background-size":"auto","background-attachment":"scroll","background-type":"","background-media":"","overlay-type":"","overlay-color":"","overlay-opacity":"","overlay-gradient":""},"mobile":{"background-color":"","background-image":"","background-repeat":"repeat","background-position":"center center","background-size":"auto","background-attachment":"scroll","background-type":"","background-media":"","overlay-type":"","overlay-color":"","overlay-opacity":"","overlay-gradient":""}},"ast-content-background-meta":{"desktop":{"background-color":"var(--ast-global-color-5)","background-image":"","background-repeat":"repeat","background-position":"center center","background-size":"auto","background-attachment":"scroll","background-type":"","background-media":"","overlay-type":"","overlay-color":"","overlay-opacity":"","overlay-gradient":""},"tablet":{"background-color":"var(--ast-global-color-5)","background-image":"","background-repeat":"repeat","background-position":"center center","background-size":"auto","background-attachment":"scroll","background-type":"","background-media":"","overlay-type":"","overlay-color":"","overlay-opacity":"","overlay-gradient":""},"mobile":{"background-color":"var(--ast-global-color-5)","background-image":"","background-repeat":"repeat","background-position":"center center","background-size":"auto","background-attachment":"scroll","background-type":"","background-media":"","overlay-type":"","overlay-color":"","overlay-opacity":"","overlay-gradient":""}}},"product_brand":[],"product_cat":[35],"product_tag":[],"class_list":{"0":"post-849","1":"product","2":"type-product","3":"status-publish","4":"has-post-thumbnail","6":"product_cat-les-creations","7":"desktop-align-left","8":"tablet-align-left","9":"mobile-align-left","10":"ast-product-gallery-layout-vertical-slider","11":"ast-product-tabs-layout-horizontal","12":"ast-qv-on-image","14":"first","15":"instock","16":"shipping-taxable","17":"purchasable","18":"product-type-simple"},"aioseo_notices":[],"yoast_head":"<!-- This site is optimized with the Yoast SEO plugin v27.0 - https:\/\/yoast.com\/product\/yoast-seo-wordpress\/ -->\n<title>LES FLEURS BLEUES - ateliersaintamour.fr<\/title>\n<meta name=\"description\" content=\"La risographie est une technique d\u2019impression \u00e9cologique, qui utilise des encres v\u00e9g\u00e9tales et un proc\u00e9d\u00e9 \u00e0 froid. Elle permet d\u2019imprimer des couleurs vives en tons directs, offrant un rendu textur\u00e9.\" \/>\n<meta name=\"robots\" content=\"index, follow, max-snippet:-1, max-image-preview:large, max-video-preview:-1\" \/>\n<link rel=\"canonical\" href=\"https:\/\/ateliersaintamour.fr\/?product=fleursbleues\" \/>\n<meta property=\"og:locale\" content=\"fr_FR\" \/>\n<meta property=\"og:type\" content=\"article\" \/>\n<meta property=\"og:title\" content=\"LES FLEURS BLEUES - ateliersaintamour.fr\" \/>\n<meta property=\"og:description\" content=\"La risographie est une technique d\u2019impression \u00e9cologique, qui utilise des encres v\u00e9g\u00e9tales et un proc\u00e9d\u00e9 \u00e0 froid. Elle permet d\u2019imprimer des couleurs vives en tons directs, offrant un rendu textur\u00e9.\" \/>\n<meta property=\"og:url\" content=\"https:\/\/ateliersaintamour.fr\/?product=fleursbleues\" \/>\n<meta property=\"og:site_name\" content=\"ateliersaintamour.fr\" \/>\n<meta property=\"og:image\" content=\"http:\/\/ateliersaintamour.fr\/wp-content\/uploads\/2026\/02\/1-LES-FLEURS-BLEUES.jpg\" \/>\n\t<meta property=\"og:image:width\" content=\"2172\" \/>\n\t<meta property=\"og:image:height\" content=\"1478\" \/>\n\t<meta property=\"og:image:type\" content=\"image\/jpeg\" \/>\n<meta name=\"twitter:card\" content=\"summary_large_image\" \/>\n<meta name=\"twitter:label1\" content=\"Dur\u00e9e de lecture estim\u00e9e\" \/>\n\t<meta name=\"twitter:data1\" content=\"1 minute\" \/>\n<script type=\"application\/ld+json\" class=\"yoast-schema-graph\">{\"@context\":\"https:\/\/schema.org\",\"@graph\":[{\"@type\":\"WebPage\",\"@id\":\"https:\/\/ateliersaintamour.fr\/?product=fleursbleues\",\"url\":\"https:\/\/ateliersaintamour.fr\/?product=fleursbleues\",\"name\":\"LES FLEURS BLEUES - ateliersaintamour.fr\",\"isPartOf\":{\"@id\":\"https:\/\/ateliersaintamour.fr\/#website\"},\"primaryImageOfPage\":{\"@id\":\"https:\/\/ateliersaintamour.fr\/?product=fleursbleues#primaryimage\"},\"image\":{\"@id\":\"https:\/\/ateliersaintamour.fr\/?product=fleursbleues#primaryimage\"},\"thumbnailUrl\":\"https:\/\/ateliersaintamour.fr\/wp-content\/uploads\/2026\/02\/1-LES-FLEURS-BLEUES.jpg\",\"datePublished\":\"2026-02-05T08:11:20+00:00\",\"description\":\"La risographie est une technique d\u2019impression \u00e9cologique, qui utilise des encres v\u00e9g\u00e9tales et un proc\u00e9d\u00e9 \u00e0 froid. Elle permet d\u2019imprimer des couleurs vives en tons directs, offrant un rendu textur\u00e9.\",\"breadcrumb\":{\"@id\":\"https:\/\/ateliersaintamour.fr\/?product=fleursbleues#breadcrumb\"},\"inLanguage\":\"fr-FR\",\"potentialAction\":[{\"@type\":\"ReadAction\",\"target\":[\"https:\/\/ateliersaintamour.fr\/?product=fleursbleues\"]}]},{\"@type\":\"ImageObject\",\"inLanguage\":\"fr-FR\",\"@id\":\"https:\/\/ateliersaintamour.fr\/?product=fleursbleues#primaryimage\",\"url\":\"https:\/\/ateliersaintamour.fr\/wp-content\/uploads\/2026\/02\/1-LES-FLEURS-BLEUES.jpg\",\"contentUrl\":\"https:\/\/ateliersaintamour.fr\/wp-content\/uploads\/2026\/02\/1-LES-FLEURS-BLEUES.jpg\",\"width\":2172,\"height\":1478},{\"@type\":\"BreadcrumbList\",\"@id\":\"https:\/\/ateliersaintamour.fr\/?product=fleursbleues#breadcrumb\",\"itemListElement\":[{\"@type\":\"ListItem\",\"position\":1,\"name\":\"Accueil\",\"item\":\"https:\/\/ateliersaintamour.fr\/\"},{\"@type\":\"ListItem\",\"position\":2,\"name\":\"Boutique\",\"item\":\"https:\/\/ateliersaintamour.fr\/?page_id=363\"},{\"@type\":\"ListItem\",\"position\":3,\"name\":\"LES FLEURS BLEUES\"}]},{\"@type\":\"WebSite\",\"@id\":\"https:\/\/ateliersaintamour.fr\/#website\",\"url\":\"https:\/\/ateliersaintamour.fr\/\",\"name\":\"ateliersaintamour.fr\",\"description\":\"\",\"publisher\":{\"@id\":\"https:\/\/ateliersaintamour.fr\/#organization\"},\"potentialAction\":[{\"@type\":\"SearchAction\",\"target\":{\"@type\":\"EntryPoint\",\"urlTemplate\":\"https:\/\/ateliersaintamour.fr\/?s={search_term_string}\"},\"query-input\":{\"@type\":\"PropertyValueSpecification\",\"valueRequired\":true,\"valueName\":\"search_term_string\"}}],\"inLanguage\":\"fr-FR\"},{\"@type\":\"Organization\",\"@id\":\"https:\/\/ateliersaintamour.fr\/#organization\",\"name\":\"ateliersaintamour.fr\",\"url\":\"https:\/\/ateliersaintamour.fr\/\",\"logo\":{\"@type\":\"ImageObject\",\"inLanguage\":\"fr-FR\",\"@id\":\"https:\/\/ateliersaintamour.fr\/#\/schema\/logo\/image\/\",\"url\":\"https:\/\/ateliersaintamour.fr\/wp-content\/uploads\/2026\/02\/logo-principal.svg\",\"contentUrl\":\"https:\/\/ateliersaintamour.fr\/wp-content\/uploads\/2026\/02\/logo-principal.svg\",\"width\":841,\"height\":163,\"caption\":\"ateliersaintamour.fr\"},\"image\":{\"@id\":\"https:\/\/ateliersaintamour.fr\/#\/schema\/logo\/image\/\"}}]}<\/script>\n<!-- \/ Yoast SEO plugin. -->","yoast_head_json":{"title":"LES FLEURS BLEUES - ateliersaintamour.fr","description":"La risographie est une technique d\u2019impression \u00e9cologique, qui utilise des encres v\u00e9g\u00e9tales et un proc\u00e9d\u00e9 \u00e0 froid. Elle permet d\u2019imprimer des couleurs vives en tons directs, offrant un rendu textur\u00e9.","robots":{"index":"index","follow":"follow","max-snippet":"max-snippet:-1","max-image-preview":"max-image-preview:large","max-video-preview":"max-video-preview:-1"},"canonical":"https:\/\/ateliersaintamour.fr\/?product=fleursbleues","og_locale":"fr_FR","og_type":"article","og_title":"LES FLEURS BLEUES - ateliersaintamour.fr","og_description":"La risographie est une technique d\u2019impression \u00e9cologique, qui utilise des encres v\u00e9g\u00e9tales et un proc\u00e9d\u00e9 \u00e0 froid. Elle permet d\u2019imprimer des couleurs vives en tons directs, offrant un rendu textur\u00e9.","og_url":"https:\/\/ateliersaintamour.fr\/?product=fleursbleues","og_site_name":"ateliersaintamour.fr","og_image":[{"width":2172,"height":1478,"url":"http:\/\/ateliersaintamour.fr\/wp-content\/uploads\/2026\/02\/1-LES-FLEURS-BLEUES.jpg","type":"image\/jpeg"}],"twitter_card":"summary_large_image","twitter_misc":{"Dur\u00e9e de lecture estim\u00e9e":"1 minute"},"schema":{"@context":"https:\/\/schema.org","@graph":[{"@type":"WebPage","@id":"https:\/\/ateliersaintamour.fr\/?product=fleursbleues","url":"https:\/\/ateliersaintamour.fr\/?product=fleursbleues","name":"LES FLEURS BLEUES - ateliersaintamour.fr","isPartOf":{"@id":"https:\/\/ateliersaintamour.fr\/#website"},"primaryImageOfPage":{"@id":"https:\/\/ateliersaintamour.fr\/?product=fleursbleues#primaryimage"},"image":{"@id":"https:\/\/ateliersaintamour.fr\/?product=fleursbleues#primaryimage"},"thumbnailUrl":"https:\/\/ateliersaintamour.fr\/wp-content\/uploads\/2026\/02\/1-LES-FLEURS-BLEUES.jpg","datePublished":"2026-02-05T08:11:20+00:00","description":"La risographie est une technique d\u2019impression \u00e9cologique, qui utilise des encres v\u00e9g\u00e9tales et un proc\u00e9d\u00e9 \u00e0 froid. Elle permet d\u2019imprimer des couleurs vives en tons directs, offrant un rendu textur\u00e9.","breadcrumb":{"@id":"https:\/\/ateliersaintamour.fr\/?product=fleursbleues#breadcrumb"},"inLanguage":"fr-FR","potentialAction":[{"@type":"ReadAction","target":["https:\/\/ateliersaintamour.fr\/?product=fleursbleues"]}]},{"@type":"ImageObject","inLanguage":"fr-FR","@id":"https:\/\/ateliersaintamour.fr\/?product=fleursbleues#primaryimage","url":"https:\/\/ateliersaintamour.fr\/wp-content\/uploads\/2026\/02\/1-LES-FLEURS-BLEUES.jpg","contentUrl":"https:\/\/ateliersaintamour.fr\/wp-content\/uploads\/2026\/02\/1-LES-FLEURS-BLEUES.jpg","width":2172,"height":1478},{"@type":"BreadcrumbList","@id":"https:\/\/ateliersaintamour.fr\/?product=fleursbleues#breadcrumb","itemListElement":[{"@type":"ListItem","position":1,"name":"Accueil","item":"https:\/\/ateliersaintamour.fr\/"},{"@type":"ListItem","position":2,"name":"Boutique","item":"https:\/\/ateliersaintamour.fr\/?page_id=363"},{"@type":"ListItem","position":3,"name":"LES FLEURS BLEUES"}]},{"@type":"WebSite","@id":"https:\/\/ateliersaintamour.fr\/#website","url":"https:\/\/ateliersaintamour.fr\/","name":"ateliersaintamour.fr","description":"","publisher":{"@id":"https:\/\/ateliersaintamour.fr\/#organization"},"potentialAction":[{"@type":"SearchAction","target":{"@type":"EntryPoint","urlTemplate":"https:\/\/ateliersaintamour.fr\/?s={search_term_string}"},"query-input":{"@type":"PropertyValueSpecification","valueRequired":true,"valueName":"search_term_string"}}],"inLanguage":"fr-FR"},{"@type":"Organization","@id":"https:\/\/ateliersaintamour.fr\/#organization","name":"ateliersaintamour.fr","url":"https:\/\/ateliersaintamour.fr\/","logo":{"@type":"ImageObject","inLanguage":"fr-FR","@id":"https:\/\/ateliersaintamour.fr\/#\/schema\/logo\/image\/","url":"https:\/\/ateliersaintamour.fr\/wp-content\/uploads\/2026\/02\/logo-principal.svg","contentUrl":"https:\/\/ateliersaintamour.fr\/wp-content\/uploads\/2026\/02\/logo-principal.svg","width":841,"height":163,"caption":"ateliersaintamour.fr"},"image":{"@id":"https:\/\/ateliersaintamour.fr\/#\/schema\/logo\/image\/"}}]}},"_links":{"self":[{"href":"https:\/\/ateliersaintamour.fr\/index.php?rest_route=\/wp\/v2\/product\/849","targetHints":{"allow":["GET"]}}],"collection":[{"href":"https:\/\/ateliersaintamour.fr\/index.php?rest_route=\/wp\/v2\/product"}],"about":[{"href":"https:\/\/ateliersaintamour.fr\/index.php?rest_route=\/wp\/v2\/types\/product"}],"replies":[{"embeddable":true,"href":"https:\/\/ateliersaintamour.fr\/index.php?rest_route=%2Fwp%2Fv2%2Fcomments&post=849"}],"version-history":[{"count":1,"href":"https:\/\/ateliersaintamour.fr\/index.php?rest_route=\/wp\/v2\/product\/849\/revisions"}],"predecessor-version":[{"id":854,"href":"https:\/\/ateliersaintamour.fr\/index.php?rest_route=\/wp\/v2\/product\/849\/revisions\/854"}],"wp:featuredmedia":[{"embeddable":true,"href":"https:\/\/ateliersaintamour.fr\/index.php?rest_route=\/wp\/v2\/media\/850"}],"wp:attachment":[{"href":"https:\/\/ateliersaintamour.fr\/index.php?rest_route=%2Fwp%2Fv2%2Fmedia&parent=849"}],"wp:term":[{"taxonomy":"product_brand","embeddable":true,"href":"https:\/\/ateliersaintamour.fr\/index.php?rest_route=%2Fwp%2Fv2%2Fproduct_brand&post=849"},{"taxonomy":"product_cat","embeddable":true,"href":"https:\/\/ateliersaintamour.fr\/index.php?rest_route=%2Fwp%2Fv2%2Fproduct_cat&post=849"},{"taxonomy":"product_tag","embeddable":true,"href":"https:\/\/ateliersaintamour.fr\/index.php?rest_route=%2Fwp%2Fv2%2Fproduct_tag&post=849"}],"curies":[{"name":"wp","href":"https:\/\/api.w.org\/{rel}","templated":true}]}}