{"id":760,"date":"2026-02-03T09:11:25","date_gmt":"2026-02-03T08:11:25","guid":{"rendered":"https:\/\/ateliersaintamour.fr\/?page_id=760"},"modified":"2026-02-19T17:25:25","modified_gmt":"2026-02-19T16:25:25","slug":"journal","status":"publish","type":"page","link":"https:\/\/ateliersaintamour.fr\/?page_id=760","title":{"rendered":"Le Journal Cr\u00e9atif"},"content":{"rendered":"\t\t<div data-elementor-type=\"wp-page\" data-elementor-id=\"760\" class=\"elementor elementor-760\">\n\t\t\t\t\t\t<section class=\"elementor-section elementor-top-section elementor-element elementor-element-20a373d elementor-section-boxed elementor-section-height-default elementor-section-height-default\" data-id=\"20a373d\" data-element_type=\"section\" data-e-type=\"section\" data-settings=\"{&quot;background_background&quot;:&quot;classic&quot;}\">\n\t\t\t\t\t\t\t<div class=\"elementor-background-overlay\"><\/div>\n\t\t\t\t\t\t\t<div class=\"elementor-container elementor-column-gap-no\">\n\t\t\t\t\t<div class=\"elementor-column elementor-col-100 elementor-top-column elementor-element elementor-element-a88311e\" data-id=\"a88311e\" data-element_type=\"column\" data-e-type=\"column\">\n\t\t\t<div class=\"elementor-widget-wrap elementor-element-populated\">\n\t\t\t\t\t\t<div class=\"elementor-element elementor-element-b1cb49d elementor-widget elementor-widget-heading\" data-id=\"b1cb49d\" data-element_type=\"widget\" data-e-type=\"widget\" data-widget_type=\"heading.default\">\n\t\t\t\t<div class=\"elementor-widget-container\">\n\t\t\t\t\t<h6 class=\"elementor-heading-title elementor-size-default\">Atelier SAINT AMOUR<\/h6>\t\t\t\t<\/div>\n\t\t\t\t<\/div>\n\t\t\t\t<div class=\"elementor-element elementor-element-3c483fd elementor-widget elementor-widget-heading\" data-id=\"3c483fd\" data-element_type=\"widget\" data-e-type=\"widget\" data-widget_type=\"heading.default\">\n\t\t\t\t<div class=\"elementor-widget-container\">\n\t\t\t\t\t<h1 class=\"elementor-heading-title elementor-size-default\">LE JOURNAL CR\u00c9ATIF <\/h1>\t\t\t\t<\/div>\n\t\t\t\t<\/div>\n\t\t\t\t\t<\/div>\n\t\t<\/div>\n\t\t\t\t\t<\/div>\n\t\t<\/section>\n\t\t\t\t<section class=\"elementor-section elementor-top-section elementor-element elementor-element-c22f870 elementor-section-boxed elementor-section-height-default elementor-section-height-default\" data-id=\"c22f870\" data-element_type=\"section\" data-e-type=\"section\">\n\t\t\t\t\t\t<div class=\"elementor-container elementor-column-gap-no\">\n\t\t\t\t\t<div class=\"elementor-column elementor-col-100 elementor-top-column elementor-element elementor-element-30b260f\" data-id=\"30b260f\" data-element_type=\"column\" data-e-type=\"column\">\n\t\t\t<div class=\"elementor-widget-wrap elementor-element-populated\">\n\t\t\t\t\t\t<div class=\"elementor-element elementor-element-ee9c918 elementor-widget elementor-widget-heading\" data-id=\"ee9c918\" data-element_type=\"widget\" data-e-type=\"widget\" data-widget_type=\"heading.default\">\n\t\t\t\t<div class=\"elementor-widget-container\">\n\t\t\t\t\t<h6 class=\"elementor-heading-title elementor-size-default\">ACTUALIT\u00c9S ET INSPIRATIONS<\/h6>\t\t\t\t<\/div>\n\t\t\t\t<\/div>\n\t\t\t\t<div class=\"elementor-element elementor-element-27bd3da elementor-widget elementor-widget-text-editor\" data-id=\"27bd3da\" data-element_type=\"widget\" data-e-type=\"widget\" data-widget_type=\"text-editor.default\">\n\t\t\t\t<div class=\"elementor-widget-container\">\n\t\t\t\t\t\t\t\t\t<p>Le journal cr\u00e9atif est un espace o\u00f9 se m\u00ealent r\u00e9flexions, conseils pratiques et inspirations pour accompagner votre parcours et vos id\u00e9es.<\/p><p>Un rendez-vous r\u00e9gulier pour tous ceux qui veulent cultiver leur cr\u00e9ativit\u00e9 avec sens.<\/p>\t\t\t\t\t\t\t\t<\/div>\n\t\t\t\t<\/div>\n\t\t\t\t<div class=\"elementor-element elementor-element-7489775 premium-blog-align-left elementor-widget elementor-widget-premium-addon-blog\" data-id=\"7489775\" data-element_type=\"widget\" data-e-type=\"widget\" data-settings=\"{&quot;premium_blog_columns_number&quot;:&quot;25%&quot;,&quot;premium_blog_grid&quot;:&quot;yes&quot;,&quot;premium_blog_layout&quot;:&quot;even&quot;,&quot;premium_blog_columns_number_tablet&quot;:&quot;50%&quot;,&quot;premium_blog_columns_number_mobile&quot;:&quot;100%&quot;}\" data-widget_type=\"premium-addon-blog.default\">\n\t\t\t\t<div class=\"elementor-widget-container\">\n\t\t\t\t\t\r\n\t\t\r\n\r\n\t\t\t\t<div class=\"premium-blog-wrap  premium-blog-even\" data-page=\"760\">\r\n\t\t\t\t\t\t\t\t\t<div class=\"premium-blog-post-outer-container\" data-total=\"1\">\r\n\t\t\t<div class=\"premium-blog-post-container premium-blog-skin-classic\">\r\n\t\t\t\t\t\t\t\t\t<div class=\"premium-blog-thumb-effect-wrapper\">\r\n\t\t\t\t\t\t<div class=\"premium-blog-thumbnail-container premium-blog-zoomin-effect\">\r\n\t\t\t\t\t\t\t<img fetchpriority=\"high\" decoding=\"async\" width=\"2158\" height=\"1644\" src=\"https:\/\/ateliersaintamour.fr\/wp-content\/uploads\/2026\/02\/rayons.png\" class=\"attachment-full size-full wp-image-846\" alt=\"\" srcset=\"https:\/\/ateliersaintamour.fr\/wp-content\/uploads\/2026\/02\/rayons.png 2158w, https:\/\/ateliersaintamour.fr\/wp-content\/uploads\/2026\/02\/rayons-300x229.png 300w, https:\/\/ateliersaintamour.fr\/wp-content\/uploads\/2026\/02\/rayons-1024x780.png 1024w, https:\/\/ateliersaintamour.fr\/wp-content\/uploads\/2026\/02\/rayons-768x585.png 768w, https:\/\/ateliersaintamour.fr\/wp-content\/uploads\/2026\/02\/rayons-1536x1170.png 1536w, https:\/\/ateliersaintamour.fr\/wp-content\/uploads\/2026\/02\/rayons-2048x1560.png 2048w, https:\/\/ateliersaintamour.fr\/wp-content\/uploads\/2026\/02\/rayons-600x457.png 600w\" sizes=\"(max-width: 2158px) 100vw, 2158px\" \/>\t\t\t\t\t\t<\/div>\r\n\t\t\t\t\t\t\t\t\t\t\t\t\t<div class=\"premium-blog-thumbnail-overlay\">\r\n\t\t\t\t\t\t\t\t<a class=\"elementor-icon\" href=\"https:\/\/ateliersaintamour.fr\/?p=844\" target=\"_blank\"><\/a>\r\n\t\t\t\t\t\t\t<\/div>\r\n\r\n\t\t\t\t\t\t\t\t\t\t\t\t\t\t\t\t\t\t<\/div>\r\n\t\t\t\t\t\t\t\t\t\t\t\t<div class=\"premium-blog-content-wrapper \">\r\n\r\n\t\t\t\t\t<div class=\"premium-blog-inner-container\">\r\n\r\n\t\t\t\t\t\t\t\t\t\t\t\t\t\t<h2 class=\"premium-blog-entry-title\">\r\n\t\t\t<a href=\"https:\/\/ateliersaintamour.fr\/?p=844\" target=\"_blank\">\r\n\t\t\t\tL\u2019AME D\u2019UNE MARQUE, O\u00d9 COMMENCE VRAIMENT LA DIRECTION ARTISTIQUE ?\t\t\t<\/a>\r\n\t\t<\/h2>\r\n\t\t\t\t<div class=\"premium-blog-entry-meta\">\r\n\t\t\t\r\n\t\t\t\t\t\t\t<span class=\"premium-blog-meta-separator\">\u2022<\/span>\r\n\t\t\t\t<div class=\"premium-blog-post-time premium-blog-meta-data\">\r\n\t\t\t\t\t<i class=\"fa fa-calendar-alt\" aria-hidden=\"true\"><\/i>\r\n\t\t\t\t\t<span>3 f\u00e9vrier 2026<\/span>\r\n\t\t\t\t<\/div>\r\n\t\t\t\r\n\t\t\t\r\n\t\t\t\t\t<\/div>\r\n\t\t\r\n\t\t\t\t\t<\/div>\r\n\r\n\t\t\t\t\t\t\t<div class=\"premium-blog-content-inner-wrapper\">\r\n\t\t<p class=\"premium-blog-post-content\">Dans un univers satur\u00e9 de visuels instagrammables et de storytelling calibr\u00e9, on pourrait croire que la direction artistique d\u2019une marque commence par \u2026<\/p>\t\t<\/div>\r\n\t\t\t\t\t\t\t\r\n\t\t\t\t<\/div>\r\n\t\t\t<\/div>\r\n\t\t<\/div>\r\n\r\n\t\t\t\t\t\t\t<\/div>\r\n\r\n\t\t\r\n\t\t\r\n\t\t\t\t\t\t<\/div>\n\t\t\t\t<\/div>\n\t\t\t\t\t<\/div>\n\t\t<\/div>\n\t\t\t\t\t<\/div>\n\t\t<\/section>\n\t\t\t\t<\/div>\n\t\t","protected":false},"excerpt":{"rendered":"<p>Atelier SAINT AMOUR LE JOURNAL CR\u00c9ATIF ACTUALIT\u00c9S ET INSPIRATIONS Le journal cr\u00e9atif est un espace o\u00f9 se m\u00ealent r\u00e9flexions, conseils pratiques et inspirations pour accompagner votre parcours et vos id\u00e9es. Un rendez-vous r\u00e9gulier pour tous ceux qui veulent cultiver leur cr\u00e9ativit\u00e9 avec sens. L\u2019AME D\u2019UNE MARQUE, O\u00d9 COMMENCE VRAIMENT LA DIRECTION ARTISTIQUE ? \u2022 3 [&hellip;]<\/p>\n","protected":false},"author":1,"featured_media":0,"parent":0,"menu_order":0,"comment_status":"closed","ping_status":"closed","template":"","meta":{"om_disable_all_campaigns":false,"_monsterinsights_skip_tracking":false,"_monsterinsights_sitenote_active":false,"_monsterinsights_sitenote_note":"","_monsterinsights_sitenote_category":0,"site-sidebar-layout":"no-sidebar","site-content-layout":"page-builder","ast-site-content-layout":"full-width-container","site-content-style":"unboxed","site-sidebar-style":"unboxed","ast-global-header-display":"","ast-banner-title-visibility":"","ast-main-header-display":"","ast-hfb-above-header-display":"","ast-hfb-below-header-display":"","ast-hfb-mobile-header-display":"","site-post-title":"disabled","ast-breadcrumbs-content":"","ast-featured-img":"disabled","footer-sml-layout":"","ast-disable-related-posts":"","theme-transparent-header-meta":"disabled","adv-header-id-meta":"","stick-header-meta":"","header-above-stick-meta":"","header-main-stick-meta":"","header-below-stick-meta":"","astra-migrate-meta-layouts":"set","ast-page-background-enabled":"default","ast-page-background-meta":{"desktop":{"background-color":"var(--ast-global-color-4)","background-image":"","background-repeat":"repeat","background-position":"center center","background-size":"auto","background-attachment":"scroll","background-type":"","background-media":"","overlay-type":"","overlay-color":"","overlay-opacity":"","overlay-gradient":""},"tablet":{"background-color":"","background-image":"","background-repeat":"repeat","background-position":"center center","background-size":"auto","background-attachment":"scroll","background-type":"","background-media":"","overlay-type":"","overlay-color":"","overlay-opacity":"","overlay-gradient":""},"mobile":{"background-color":"","background-image":"","background-repeat":"repeat","background-position":"center center","background-size":"auto","background-attachment":"scroll","background-type":"","background-media":"","overlay-type":"","overlay-color":"","overlay-opacity":"","overlay-gradient":""}},"ast-content-background-meta":{"desktop":{"background-color":"var(--ast-global-color-5)","background-image":"","background-repeat":"repeat","background-position":"center center","background-size":"auto","background-attachment":"scroll","background-type":"","background-media":"","overlay-type":"","overlay-color":"","overlay-opacity":"","overlay-gradient":""},"tablet":{"background-color":"var(--ast-global-color-5)","background-image":"","background-repeat":"repeat","background-position":"center center","background-size":"auto","background-attachment":"scroll","background-type":"","background-media":"","overlay-type":"","overlay-color":"","overlay-opacity":"","overlay-gradient":""},"mobile":{"background-color":"var(--ast-global-color-5)","background-image":"","background-repeat":"repeat","background-position":"center center","background-size":"auto","background-attachment":"scroll","background-type":"","background-media":"","overlay-type":"","overlay-color":"","overlay-opacity":"","overlay-gradient":""}},"footnotes":""},"class_list":["post-760","page","type-page","status-publish","hentry"],"aioseo_notices":[],"yoast_head":"<!-- This site is optimized with the Yoast SEO plugin v27.0 - https:\/\/yoast.com\/product\/yoast-seo-wordpress\/ -->\n<title>Le Journal Cr\u00e9atif - ateliersaintamour.fr<\/title>\n<meta name=\"description\" content=\"Design floral &amp; Graphique - D\u00e9cor &amp; Sc\u00e9nographie - Mariage &amp; \u00c9v\u00e9nement - Herbier - Location de d\u00e9coration - Atelier\" \/>\n<meta name=\"robots\" content=\"index, follow, max-snippet:-1, max-image-preview:large, max-video-preview:-1\" \/>\n<link rel=\"canonical\" href=\"https:\/\/ateliersaintamour.fr\/?page_id=760\" \/>\n<meta property=\"og:locale\" content=\"fr_FR\" \/>\n<meta property=\"og:type\" content=\"article\" \/>\n<meta property=\"og:title\" content=\"Le Journal Cr\u00e9atif - ateliersaintamour.fr\" \/>\n<meta property=\"og:description\" content=\"Design floral &amp; Graphique - D\u00e9cor &amp; Sc\u00e9nographie - Mariage &amp; \u00c9v\u00e9nement - Herbier - Location de d\u00e9coration - Atelier\" \/>\n<meta property=\"og:url\" content=\"https:\/\/ateliersaintamour.fr\/?page_id=760\" \/>\n<meta property=\"og:site_name\" content=\"ateliersaintamour.fr\" \/>\n<meta property=\"article:modified_time\" content=\"2026-02-19T16:25:25+00:00\" \/>\n<meta property=\"og:image\" content=\"https:\/\/ateliersaintamour.fr\/wp-content\/uploads\/2026\/02\/rayons-1024x780.png\" \/>\n\t<meta property=\"og:image:width\" content=\"1024\" \/>\n\t<meta property=\"og:image:height\" content=\"780\" \/>\n\t<meta property=\"og:image:type\" content=\"image\/png\" \/>\n<meta name=\"twitter:card\" content=\"summary_large_image\" \/>\n<meta name=\"twitter:label1\" content=\"Dur\u00e9e de lecture estim\u00e9e\" \/>\n\t<meta name=\"twitter:data1\" content=\"1 minute\" \/>\n<script type=\"application\/ld+json\" class=\"yoast-schema-graph\">{\"@context\":\"https:\/\/schema.org\",\"@graph\":[{\"@type\":\"WebPage\",\"@id\":\"https:\/\/ateliersaintamour.fr\/?page_id=760\",\"url\":\"https:\/\/ateliersaintamour.fr\/?page_id=760\",\"name\":\"Le Journal Cr\u00e9atif - ateliersaintamour.fr\",\"isPartOf\":{\"@id\":\"https:\/\/ateliersaintamour.fr\/#website\"},\"primaryImageOfPage\":{\"@id\":\"https:\/\/ateliersaintamour.fr\/?page_id=760#primaryimage\"},\"image\":{\"@id\":\"https:\/\/ateliersaintamour.fr\/?page_id=760#primaryimage\"},\"thumbnailUrl\":\"http:\/\/ateliersaintamour.fr\/wp-content\/uploads\/2026\/02\/rayons.png\",\"datePublished\":\"2026-02-03T08:11:25+00:00\",\"dateModified\":\"2026-02-19T16:25:25+00:00\",\"description\":\"Design floral & Graphique - D\u00e9cor & Sc\u00e9nographie - Mariage & \u00c9v\u00e9nement - Herbier - Location de d\u00e9coration - Atelier\",\"breadcrumb\":{\"@id\":\"https:\/\/ateliersaintamour.fr\/?page_id=760#breadcrumb\"},\"inLanguage\":\"fr-FR\",\"potentialAction\":[{\"@type\":\"ReadAction\",\"target\":[\"https:\/\/ateliersaintamour.fr\/?page_id=760\"]}]},{\"@type\":\"ImageObject\",\"inLanguage\":\"fr-FR\",\"@id\":\"https:\/\/ateliersaintamour.fr\/?page_id=760#primaryimage\",\"url\":\"https:\/\/ateliersaintamour.fr\/wp-content\/uploads\/2026\/02\/rayons.png\",\"contentUrl\":\"https:\/\/ateliersaintamour.fr\/wp-content\/uploads\/2026\/02\/rayons.png\",\"width\":2158,\"height\":1644},{\"@type\":\"BreadcrumbList\",\"@id\":\"https:\/\/ateliersaintamour.fr\/?page_id=760#breadcrumb\",\"itemListElement\":[{\"@type\":\"ListItem\",\"position\":1,\"name\":\"Accueil\",\"item\":\"https:\/\/ateliersaintamour.fr\/\"},{\"@type\":\"ListItem\",\"position\":2,\"name\":\"Le Journal Cr\u00e9atif\"}]},{\"@type\":\"WebSite\",\"@id\":\"https:\/\/ateliersaintamour.fr\/#website\",\"url\":\"https:\/\/ateliersaintamour.fr\/\",\"name\":\"ateliersaintamour.fr\",\"description\":\"\",\"publisher\":{\"@id\":\"https:\/\/ateliersaintamour.fr\/#organization\"},\"potentialAction\":[{\"@type\":\"SearchAction\",\"target\":{\"@type\":\"EntryPoint\",\"urlTemplate\":\"https:\/\/ateliersaintamour.fr\/?s={search_term_string}\"},\"query-input\":{\"@type\":\"PropertyValueSpecification\",\"valueRequired\":true,\"valueName\":\"search_term_string\"}}],\"inLanguage\":\"fr-FR\"},{\"@type\":\"Organization\",\"@id\":\"https:\/\/ateliersaintamour.fr\/#organization\",\"name\":\"ateliersaintamour.fr\",\"url\":\"https:\/\/ateliersaintamour.fr\/\",\"logo\":{\"@type\":\"ImageObject\",\"inLanguage\":\"fr-FR\",\"@id\":\"https:\/\/ateliersaintamour.fr\/#\/schema\/logo\/image\/\",\"url\":\"https:\/\/ateliersaintamour.fr\/wp-content\/uploads\/2026\/02\/logo-principal.svg\",\"contentUrl\":\"https:\/\/ateliersaintamour.fr\/wp-content\/uploads\/2026\/02\/logo-principal.svg\",\"width\":841,\"height\":163,\"caption\":\"ateliersaintamour.fr\"},\"image\":{\"@id\":\"https:\/\/ateliersaintamour.fr\/#\/schema\/logo\/image\/\"}}]}<\/script>\n<!-- \/ Yoast SEO plugin. -->","yoast_head_json":{"title":"Le Journal Cr\u00e9atif - ateliersaintamour.fr","description":"Design floral & Graphique - D\u00e9cor & Sc\u00e9nographie - Mariage & \u00c9v\u00e9nement - Herbier - Location de d\u00e9coration - Atelier","robots":{"index":"index","follow":"follow","max-snippet":"max-snippet:-1","max-image-preview":"max-image-preview:large","max-video-preview":"max-video-preview:-1"},"canonical":"https:\/\/ateliersaintamour.fr\/?page_id=760","og_locale":"fr_FR","og_type":"article","og_title":"Le Journal Cr\u00e9atif - ateliersaintamour.fr","og_description":"Design floral & Graphique - D\u00e9cor & Sc\u00e9nographie - Mariage & \u00c9v\u00e9nement - Herbier - Location de d\u00e9coration - Atelier","og_url":"https:\/\/ateliersaintamour.fr\/?page_id=760","og_site_name":"ateliersaintamour.fr","article_modified_time":"2026-02-19T16:25:25+00:00","og_image":[{"width":1024,"height":780,"url":"https:\/\/ateliersaintamour.fr\/wp-content\/uploads\/2026\/02\/rayons-1024x780.png","type":"image\/png"}],"twitter_card":"summary_large_image","twitter_misc":{"Dur\u00e9e de lecture estim\u00e9e":"1 minute"},"schema":{"@context":"https:\/\/schema.org","@graph":[{"@type":"WebPage","@id":"https:\/\/ateliersaintamour.fr\/?page_id=760","url":"https:\/\/ateliersaintamour.fr\/?page_id=760","name":"Le Journal Cr\u00e9atif - ateliersaintamour.fr","isPartOf":{"@id":"https:\/\/ateliersaintamour.fr\/#website"},"primaryImageOfPage":{"@id":"https:\/\/ateliersaintamour.fr\/?page_id=760#primaryimage"},"image":{"@id":"https:\/\/ateliersaintamour.fr\/?page_id=760#primaryimage"},"thumbnailUrl":"http:\/\/ateliersaintamour.fr\/wp-content\/uploads\/2026\/02\/rayons.png","datePublished":"2026-02-03T08:11:25+00:00","dateModified":"2026-02-19T16:25:25+00:00","description":"Design floral & Graphique - D\u00e9cor & Sc\u00e9nographie - Mariage & \u00c9v\u00e9nement - Herbier - Location de d\u00e9coration - Atelier","breadcrumb":{"@id":"https:\/\/ateliersaintamour.fr\/?page_id=760#breadcrumb"},"inLanguage":"fr-FR","potentialAction":[{"@type":"ReadAction","target":["https:\/\/ateliersaintamour.fr\/?page_id=760"]}]},{"@type":"ImageObject","inLanguage":"fr-FR","@id":"https:\/\/ateliersaintamour.fr\/?page_id=760#primaryimage","url":"https:\/\/ateliersaintamour.fr\/wp-content\/uploads\/2026\/02\/rayons.png","contentUrl":"https:\/\/ateliersaintamour.fr\/wp-content\/uploads\/2026\/02\/rayons.png","width":2158,"height":1644},{"@type":"BreadcrumbList","@id":"https:\/\/ateliersaintamour.fr\/?page_id=760#breadcrumb","itemListElement":[{"@type":"ListItem","position":1,"name":"Accueil","item":"https:\/\/ateliersaintamour.fr\/"},{"@type":"ListItem","position":2,"name":"Le Journal Cr\u00e9atif"}]},{"@type":"WebSite","@id":"https:\/\/ateliersaintamour.fr\/#website","url":"https:\/\/ateliersaintamour.fr\/","name":"ateliersaintamour.fr","description":"","publisher":{"@id":"https:\/\/ateliersaintamour.fr\/#organization"},"potentialAction":[{"@type":"SearchAction","target":{"@type":"EntryPoint","urlTemplate":"https:\/\/ateliersaintamour.fr\/?s={search_term_string}"},"query-input":{"@type":"PropertyValueSpecification","valueRequired":true,"valueName":"search_term_string"}}],"inLanguage":"fr-FR"},{"@type":"Organization","@id":"https:\/\/ateliersaintamour.fr\/#organization","name":"ateliersaintamour.fr","url":"https:\/\/ateliersaintamour.fr\/","logo":{"@type":"ImageObject","inLanguage":"fr-FR","@id":"https:\/\/ateliersaintamour.fr\/#\/schema\/logo\/image\/","url":"https:\/\/ateliersaintamour.fr\/wp-content\/uploads\/2026\/02\/logo-principal.svg","contentUrl":"https:\/\/ateliersaintamour.fr\/wp-content\/uploads\/2026\/02\/logo-principal.svg","width":841,"height":163,"caption":"ateliersaintamour.fr"},"image":{"@id":"https:\/\/ateliersaintamour.fr\/#\/schema\/logo\/image\/"}}]}},"_links":{"self":[{"href":"https:\/\/ateliersaintamour.fr\/index.php?rest_route=\/wp\/v2\/pages\/760","targetHints":{"allow":["GET"]}}],"collection":[{"href":"https:\/\/ateliersaintamour.fr\/index.php?rest_route=\/wp\/v2\/pages"}],"about":[{"href":"https:\/\/ateliersaintamour.fr\/index.php?rest_route=\/wp\/v2\/types\/page"}],"author":[{"embeddable":true,"href":"https:\/\/ateliersaintamour.fr\/index.php?rest_route=\/wp\/v2\/users\/1"}],"replies":[{"embeddable":true,"href":"https:\/\/ateliersaintamour.fr\/index.php?rest_route=%2Fwp%2Fv2%2Fcomments&post=760"}],"version-history":[{"count":34,"href":"https:\/\/ateliersaintamour.fr\/index.php?rest_route=\/wp\/v2\/pages\/760\/revisions"}],"predecessor-version":[{"id":1000,"href":"https:\/\/ateliersaintamour.fr\/index.php?rest_route=\/wp\/v2\/pages\/760\/revisions\/1000"}],"wp:attachment":[{"href":"https:\/\/ateliersaintamour.fr\/index.php?rest_route=%2Fwp%2Fv2%2Fmedia&parent=760"}],"curies":[{"name":"wp","href":"https:\/\/api.w.org\/{rel}","templated":true}]}}