{"id":499,"date":"2022-06-17T07:31:41","date_gmt":"2022-06-17T07:31:41","guid":{"rendered":"https:\/\/www.ateliersaintamour.fr\/?page_id=499"},"modified":"2026-02-25T18:17:02","modified_gmt":"2026-02-25T17:17:02","slug":"capsule","status":"publish","type":"page","link":"https:\/\/ateliersaintamour.fr\/?page_id=499","title":{"rendered":"La Capsule"},"content":{"rendered":"\t\t<div data-elementor-type=\"wp-page\" data-elementor-id=\"499\" class=\"elementor elementor-499\">\n\t\t\t\t\t\t<section class=\"elementor-section elementor-top-section elementor-element elementor-element-20a373d elementor-section-boxed elementor-section-height-default elementor-section-height-default\" data-id=\"20a373d\" data-element_type=\"section\" data-e-type=\"section\" data-settings=\"{&quot;background_background&quot;:&quot;classic&quot;}\">\n\t\t\t\t\t\t\t<div class=\"elementor-background-overlay\"><\/div>\n\t\t\t\t\t\t\t<div class=\"elementor-container elementor-column-gap-no\">\n\t\t\t\t\t<div class=\"elementor-column elementor-col-100 elementor-top-column elementor-element elementor-element-a88311e\" data-id=\"a88311e\" data-element_type=\"column\" data-e-type=\"column\">\n\t\t\t<div class=\"elementor-widget-wrap elementor-element-populated\">\n\t\t\t\t\t\t<div class=\"elementor-element elementor-element-b1cb49d elementor-widget elementor-widget-heading\" data-id=\"b1cb49d\" data-element_type=\"widget\" data-e-type=\"widget\" data-widget_type=\"heading.default\">\n\t\t\t\t<div class=\"elementor-widget-container\">\n\t\t\t\t\t<h6 class=\"elementor-heading-title elementor-size-default\">Atelier Saint Amour<\/h6>\t\t\t\t<\/div>\n\t\t\t\t<\/div>\n\t\t\t\t<div class=\"elementor-element elementor-element-3c483fd elementor-widget elementor-widget-heading\" data-id=\"3c483fd\" data-element_type=\"widget\" data-e-type=\"widget\" data-widget_type=\"heading.default\">\n\t\t\t\t<div class=\"elementor-widget-container\">\n\t\t\t\t\t<h1 class=\"elementor-heading-title elementor-size-default\">La capsule<\/h1>\t\t\t\t<\/div>\n\t\t\t\t<\/div>\n\t\t\t\t\t<\/div>\n\t\t<\/div>\n\t\t\t\t\t<\/div>\n\t\t<\/section>\n\t\t\t\t<section class=\"elementor-section elementor-top-section elementor-element elementor-element-c22f870 elementor-section-boxed elementor-section-height-default elementor-section-height-default\" data-id=\"c22f870\" data-element_type=\"section\" data-e-type=\"section\">\n\t\t\t\t\t\t<div class=\"elementor-container elementor-column-gap-no\">\n\t\t\t\t\t<div class=\"elementor-column elementor-col-100 elementor-top-column elementor-element elementor-element-30b260f\" data-id=\"30b260f\" data-element_type=\"column\" data-e-type=\"column\">\n\t\t\t<div class=\"elementor-widget-wrap elementor-element-populated\">\n\t\t\t\t\t\t<div class=\"elementor-element elementor-element-161fc6b elementor-widget elementor-widget-heading\" data-id=\"161fc6b\" data-element_type=\"widget\" data-e-type=\"widget\" data-widget_type=\"heading.default\">\n\t\t\t\t<div class=\"elementor-widget-container\">\n\t\t\t\t\t<h3 class=\"elementor-heading-title elementor-size-default\">Un coaching sur-mesure pour vous recentrer, affirmer votre identit\u00e9, renforcer votre singularit\u00e9 et avancer avec clart\u00e9 et sens.<\/h3>\t\t\t\t<\/div>\n\t\t\t\t<\/div>\n\t\t\t\t<div class=\"elementor-element elementor-element-27bd3da elementor-widget elementor-widget-text-editor\" data-id=\"27bd3da\" data-element_type=\"widget\" data-e-type=\"widget\" data-widget_type=\"text-editor.default\">\n\t\t\t\t<div class=\"elementor-widget-container\">\n\t\t\t\t\t\t\t\t\t<p>La Capsule, ce sont des sessions d\u2019accompagnement sur-mesure pour vous aider \u00e0 clarifier une id\u00e9e, affiner une posture, vous accompagner dans votre cr\u00e9ation d\u2019entreprise ou vous pr\u00e9parer \u00e0 un moment cl\u00e9.<\/p><p>Chaque s\u00e9ance est pens\u00e9e pour vous offrir un \u00e9clairage clair, inspirant et motivant dans un environnement confidentiel et bienveillant, entre coaching, direction artistique et conversation strat\u00e9gique, en fonction vos besoins.<\/p><p>Pour qui\u00a0?\u00a0 Les cr\u00e9atifs, les ind\u00e9pendants, les porteurs de projets, jeunes marques, artistes et artisans, \u00e9tudiants ou jeunes professionnels&#8230;<\/p><p>\u00c0 la fin de chaque capsule, vous recevrez un bilan personnalis\u00e9.<\/p>\t\t\t\t\t\t\t\t<\/div>\n\t\t\t\t<\/div>\n\t\t\t\t\t<\/div>\n\t\t<\/div>\n\t\t\t\t\t<\/div>\n\t\t<\/section>\n\t\t\t\t<section class=\"elementor-section elementor-top-section elementor-element elementor-element-3b2763d elementor-section-boxed elementor-section-height-default elementor-section-height-default\" data-id=\"3b2763d\" data-element_type=\"section\" data-e-type=\"section\">\n\t\t\t\t\t\t<div class=\"elementor-container elementor-column-gap-default\">\n\t\t\t\t\t<div class=\"elementor-column elementor-col-33 elementor-top-column elementor-element elementor-element-a9d674f\" data-id=\"a9d674f\" data-element_type=\"column\" data-e-type=\"column\">\n\t\t\t<div class=\"elementor-widget-wrap elementor-element-populated\">\n\t\t\t\t\t\t<div class=\"elementor-element elementor-element-f0c8226 elementor-position-top elementor-widget elementor-widget-image-box\" data-id=\"f0c8226\" data-element_type=\"widget\" data-e-type=\"widget\" data-widget_type=\"image-box.default\">\n\t\t\t\t<div class=\"elementor-widget-container\">\n\t\t\t\t\t<div class=\"elementor-image-box-wrapper\"><figure class=\"elementor-image-box-img\"><img fetchpriority=\"high\" decoding=\"async\" width=\"363\" height=\"400\" src=\"https:\/\/ateliersaintamour.fr\/wp-content\/uploads\/2026\/02\/Flash.png\" class=\"attachment-full size-full wp-image-828\" alt=\"\" srcset=\"https:\/\/ateliersaintamour.fr\/wp-content\/uploads\/2026\/02\/Flash.png 363w, https:\/\/ateliersaintamour.fr\/wp-content\/uploads\/2026\/02\/Flash-272x300.png 272w\" sizes=\"(max-width: 363px) 100vw, 363px\" \/><\/figure><div class=\"elementor-image-box-content\"><h3 class=\"elementor-image-box-title\">LA CAPSULE FLASH - 59\u20ac<\/h3><p class=\"elementor-image-box-description\">Le d\u00e9clic en 30 minutes  \nUn \u00e9change cibl\u00e9 pour \u00e9claircir un point de blocage, prendre du recul ou obtenir un feedback rapide.\n\nId\u00e9al pour une d\u00e9cision \u00e0 prendre, un doute \u00e0 lever, une question pr\u00e9cise.\nFormat agile et r\u00e9actif, parfait en p\u00e9riode de rush ou de flou cr\u00e9atif.\n\n<\/p><\/div><\/div>\t\t\t\t<\/div>\n\t\t\t\t<\/div>\n\t\t\t\t<div class=\"elementor-element elementor-element-325b329 elementor-align-center elementor-widget elementor-widget-button\" data-id=\"325b329\" data-element_type=\"widget\" data-e-type=\"widget\" data-widget_type=\"button.default\">\n\t\t\t\t<div class=\"elementor-widget-container\">\n\t\t\t\t\t\t\t\t\t<div class=\"elementor-button-wrapper\">\n\t\t\t\t\t<a class=\"elementor-button elementor-button-link elementor-size-sm\" href=\"https:\/\/ateliersaintamour.fr\/?page_id=500\">\n\t\t\t\t\t\t<span class=\"elementor-button-content-wrapper\">\n\t\t\t\t\t\t\t\t\t<span class=\"elementor-button-text\">je r\u00e9serve une capsule<\/span>\n\t\t\t\t\t<\/span>\n\t\t\t\t\t<\/a>\n\t\t\t\t<\/div>\n\t\t\t\t\t\t\t\t<\/div>\n\t\t\t\t<\/div>\n\t\t\t\t\t<\/div>\n\t\t<\/div>\n\t\t\t\t<div class=\"elementor-column elementor-col-33 elementor-top-column elementor-element elementor-element-529ffbb\" data-id=\"529ffbb\" data-element_type=\"column\" data-e-type=\"column\">\n\t\t\t<div class=\"elementor-widget-wrap elementor-element-populated\">\n\t\t\t\t\t\t<div class=\"elementor-element elementor-element-ffe5879 elementor-position-top elementor-widget elementor-widget-image-box\" data-id=\"ffe5879\" data-element_type=\"widget\" data-e-type=\"widget\" data-widget_type=\"image-box.default\">\n\t\t\t\t<div class=\"elementor-widget-container\">\n\t\t\t\t\t<div class=\"elementor-image-box-wrapper\"><figure class=\"elementor-image-box-img\"><img decoding=\"async\" width=\"363\" height=\"400\" src=\"https:\/\/ateliersaintamour.fr\/wp-content\/uploads\/2026\/02\/Focus.png\" class=\"attachment-full size-full wp-image-829\" alt=\"\" srcset=\"https:\/\/ateliersaintamour.fr\/wp-content\/uploads\/2026\/02\/Focus.png 363w, https:\/\/ateliersaintamour.fr\/wp-content\/uploads\/2026\/02\/Focus-272x300.png 272w\" sizes=\"(max-width: 363px) 100vw, 363px\" \/><\/figure><div class=\"elementor-image-box-content\"><h3 class=\"elementor-image-box-title\">LA CAPSULE FOCUS - 99\u20ac<\/h3><p class=\"elementor-image-box-description\">1h pour faire \u00e9merger l\u2019essentiel\nUne heure pour poser, penser, ressentir. On prend le temps d\u2019explorer une probl\u00e9matique, de re-questionner un axe ou de nourrir un \u00e9lan.\n\nParfait pour structurer une id\u00e9e, pr\u00e9parer un rendu cr\u00e9atif, ou aligner le fond et la forme d\u2019un projet personnel ou pro.\nUn format solide pour avancer avec confiance.\n<\/p><\/div><\/div>\t\t\t\t<\/div>\n\t\t\t\t<\/div>\n\t\t\t\t<div class=\"elementor-element elementor-element-d345b67 elementor-align-center elementor-widget elementor-widget-button\" data-id=\"d345b67\" data-element_type=\"widget\" data-e-type=\"widget\" data-widget_type=\"button.default\">\n\t\t\t\t<div class=\"elementor-widget-container\">\n\t\t\t\t\t\t\t\t\t<div class=\"elementor-button-wrapper\">\n\t\t\t\t\t<a class=\"elementor-button elementor-button-link elementor-size-sm\" href=\"https:\/\/ateliersaintamour.fr\/?page_id=500\">\n\t\t\t\t\t\t<span class=\"elementor-button-content-wrapper\">\n\t\t\t\t\t\t\t\t\t<span class=\"elementor-button-text\">je r\u00e9serve une capsule<\/span>\n\t\t\t\t\t<\/span>\n\t\t\t\t\t<\/a>\n\t\t\t\t<\/div>\n\t\t\t\t\t\t\t\t<\/div>\n\t\t\t\t<\/div>\n\t\t\t\t\t<\/div>\n\t\t<\/div>\n\t\t\t\t<div class=\"elementor-column elementor-col-33 elementor-top-column elementor-element elementor-element-07d9854\" data-id=\"07d9854\" data-element_type=\"column\" data-e-type=\"column\">\n\t\t\t<div class=\"elementor-widget-wrap elementor-element-populated\">\n\t\t\t\t\t\t<div class=\"elementor-element elementor-element-a112e16 elementor-position-top elementor-widget elementor-widget-image-box\" data-id=\"a112e16\" data-element_type=\"widget\" data-e-type=\"widget\" data-widget_type=\"image-box.default\">\n\t\t\t\t<div class=\"elementor-widget-container\">\n\t\t\t\t\t<div class=\"elementor-image-box-wrapper\"><figure class=\"elementor-image-box-img\"><img decoding=\"async\" width=\"363\" height=\"400\" src=\"https:\/\/ateliersaintamour.fr\/wp-content\/uploads\/2026\/02\/Boost.png\" class=\"attachment-full size-full wp-image-827\" alt=\"\" srcset=\"https:\/\/ateliersaintamour.fr\/wp-content\/uploads\/2026\/02\/Boost.png 363w, https:\/\/ateliersaintamour.fr\/wp-content\/uploads\/2026\/02\/Boost-272x300.png 272w\" sizes=\"(max-width: 363px) 100vw, 363px\" \/><\/figure><div class=\"elementor-image-box-content\"><h3 class=\"elementor-image-box-title\">LA CAPSULE BOOST - 189\u20ac<\/h3><p class=\"elementor-image-box-description\">3 s\u00e9ances de 45 minutes pour (se) construire pas \u00e0 pas\nUn accompagnement en 3 temps, pour installer une dynamique et un fil conducteur. \n\nId\u00e9al dans une phase de transition, de cr\u00e9ation d\u2019entreprise, de repositionnement, pour structurer un projet ou se pr\u00e9parer \u00e0 un moment cl\u00e9 (examen, concours, entretien\u2026).\nChaque session est pens\u00e9e comme une balise, avec des temps d\u2019int\u00e9gration et d\u2019action entre deux rendez-vous, pour avancer avec lucidit\u00e9 et ancrage.\n<\/p><\/div><\/div>\t\t\t\t<\/div>\n\t\t\t\t<\/div>\n\t\t\t\t<div class=\"elementor-element elementor-element-8954813 elementor-align-center elementor-widget elementor-widget-button\" data-id=\"8954813\" data-element_type=\"widget\" data-e-type=\"widget\" data-widget_type=\"button.default\">\n\t\t\t\t<div class=\"elementor-widget-container\">\n\t\t\t\t\t\t\t\t\t<div class=\"elementor-button-wrapper\">\n\t\t\t\t\t<a class=\"elementor-button elementor-button-link elementor-size-sm\" href=\"https:\/\/ateliersaintamour.fr\/?page_id=500\">\n\t\t\t\t\t\t<span class=\"elementor-button-content-wrapper\">\n\t\t\t\t\t\t\t\t\t<span class=\"elementor-button-text\">je r\u00e9serve une capsule<\/span>\n\t\t\t\t\t<\/span>\n\t\t\t\t\t<\/a>\n\t\t\t\t<\/div>\n\t\t\t\t\t\t\t\t<\/div>\n\t\t\t\t<\/div>\n\t\t\t\t\t<\/div>\n\t\t<\/div>\n\t\t\t\t\t<\/div>\n\t\t<\/section>\n\t\t\t\t<\/div>\n\t\t","protected":false},"excerpt":{"rendered":"<p>Atelier Saint Amour La capsule Un coaching sur-mesure pour vous recentrer, affirmer votre identit\u00e9, renforcer votre singularit\u00e9 et avancer avec clart\u00e9 et sens. La Capsule, ce sont des sessions d\u2019accompagnement sur-mesure pour vous aider \u00e0 clarifier une id\u00e9e, affiner une posture, vous accompagner dans votre cr\u00e9ation d\u2019entreprise ou vous pr\u00e9parer \u00e0 un moment cl\u00e9. Chaque [&hellip;]<\/p>\n","protected":false},"author":1,"featured_media":0,"parent":0,"menu_order":0,"comment_status":"closed","ping_status":"closed","template":"","meta":{"om_disable_all_campaigns":false,"_monsterinsights_skip_tracking":false,"_monsterinsights_sitenote_active":false,"_monsterinsights_sitenote_note":"","_monsterinsights_sitenote_category":0,"site-sidebar-layout":"no-sidebar","site-content-layout":"page-builder","ast-site-content-layout":"full-width-container","site-content-style":"unboxed","site-sidebar-style":"unboxed","ast-global-header-display":"","ast-banner-title-visibility":"","ast-main-header-display":"","ast-hfb-above-header-display":"","ast-hfb-below-header-display":"","ast-hfb-mobile-header-display":"","site-post-title":"disabled","ast-breadcrumbs-content":"","ast-featured-img":"disabled","footer-sml-layout":"","ast-disable-related-posts":"","theme-transparent-header-meta":"disabled","adv-header-id-meta":"","stick-header-meta":"","header-above-stick-meta":"","header-main-stick-meta":"","header-below-stick-meta":"","astra-migrate-meta-layouts":"set","ast-page-background-enabled":"default","ast-page-background-meta":{"desktop":{"background-color":"var(--ast-global-color-4)","background-image":"","background-repeat":"repeat","background-position":"center center","background-size":"auto","background-attachment":"scroll","background-type":"","background-media":"","overlay-type":"","overlay-color":"","overlay-opacity":"","overlay-gradient":""},"tablet":{"background-color":"","background-image":"","background-repeat":"repeat","background-position":"center center","background-size":"auto","background-attachment":"scroll","background-type":"","background-media":"","overlay-type":"","overlay-color":"","overlay-opacity":"","overlay-gradient":""},"mobile":{"background-color":"","background-image":"","background-repeat":"repeat","background-position":"center center","background-size":"auto","background-attachment":"scroll","background-type":"","background-media":"","overlay-type":"","overlay-color":"","overlay-opacity":"","overlay-gradient":""}},"ast-content-background-meta":{"desktop":{"background-color":"var(--ast-global-color-5)","background-image":"","background-repeat":"repeat","background-position":"center center","background-size":"auto","background-attachment":"scroll","background-type":"","background-media":"","overlay-type":"","overlay-color":"","overlay-opacity":"","overlay-gradient":""},"tablet":{"background-color":"var(--ast-global-color-5)","background-image":"","background-repeat":"repeat","background-position":"center center","background-size":"auto","background-attachment":"scroll","background-type":"","background-media":"","overlay-type":"","overlay-color":"","overlay-opacity":"","overlay-gradient":""},"mobile":{"background-color":"var(--ast-global-color-5)","background-image":"","background-repeat":"repeat","background-position":"center center","background-size":"auto","background-attachment":"scroll","background-type":"","background-media":"","overlay-type":"","overlay-color":"","overlay-opacity":"","overlay-gradient":""}},"footnotes":""},"class_list":["post-499","page","type-page","status-publish","hentry"],"aioseo_notices":[],"yoast_head":"<!-- This site is optimized with the Yoast SEO plugin v27.0 - https:\/\/yoast.com\/product\/yoast-seo-wordpress\/ -->\n<title>La Capsule - ateliersaintamour.fr<\/title>\n<meta name=\"description\" content=\"Design floral &amp; Graphique - D\u00e9cor &amp; Sc\u00e9nographie - Mariage &amp; \u00c9v\u00e9nement - Herbier - Location de d\u00e9coration - Atelier\" \/>\n<meta name=\"robots\" content=\"index, follow, max-snippet:-1, max-image-preview:large, max-video-preview:-1\" \/>\n<link rel=\"canonical\" href=\"https:\/\/ateliersaintamour.fr\/?page_id=499\" \/>\n<meta property=\"og:locale\" content=\"fr_FR\" \/>\n<meta property=\"og:type\" content=\"article\" \/>\n<meta property=\"og:title\" content=\"La Capsule - ateliersaintamour.fr\" \/>\n<meta property=\"og:description\" content=\"Design floral &amp; Graphique - D\u00e9cor &amp; Sc\u00e9nographie - Mariage &amp; \u00c9v\u00e9nement - Herbier - Location de d\u00e9coration - Atelier\" \/>\n<meta property=\"og:url\" content=\"https:\/\/ateliersaintamour.fr\/?page_id=499\" \/>\n<meta property=\"og:site_name\" content=\"ateliersaintamour.fr\" \/>\n<meta property=\"article:modified_time\" content=\"2026-02-25T17:17:02+00:00\" \/>\n<meta property=\"og:image\" content=\"http:\/\/ateliersaintamour.fr\/wp-content\/uploads\/2026\/02\/Flash.png\" \/>\n<meta name=\"twitter:card\" content=\"summary_large_image\" \/>\n<meta name=\"twitter:label1\" content=\"Dur\u00e9e de lecture estim\u00e9e\" \/>\n\t<meta name=\"twitter:data1\" content=\"3 minutes\" \/>\n<script type=\"application\/ld+json\" class=\"yoast-schema-graph\">{\"@context\":\"https:\/\/schema.org\",\"@graph\":[{\"@type\":\"WebPage\",\"@id\":\"https:\/\/ateliersaintamour.fr\/?page_id=499\",\"url\":\"https:\/\/ateliersaintamour.fr\/?page_id=499\",\"name\":\"La Capsule - ateliersaintamour.fr\",\"isPartOf\":{\"@id\":\"https:\/\/ateliersaintamour.fr\/#website\"},\"primaryImageOfPage\":{\"@id\":\"https:\/\/ateliersaintamour.fr\/?page_id=499#primaryimage\"},\"image\":{\"@id\":\"https:\/\/ateliersaintamour.fr\/?page_id=499#primaryimage\"},\"thumbnailUrl\":\"http:\/\/ateliersaintamour.fr\/wp-content\/uploads\/2026\/02\/Flash.png\",\"datePublished\":\"2022-06-17T07:31:41+00:00\",\"dateModified\":\"2026-02-25T17:17:02+00:00\",\"description\":\"Design floral & Graphique - D\u00e9cor & Sc\u00e9nographie - Mariage & \u00c9v\u00e9nement - Herbier - Location de d\u00e9coration - Atelier\",\"breadcrumb\":{\"@id\":\"https:\/\/ateliersaintamour.fr\/?page_id=499#breadcrumb\"},\"inLanguage\":\"fr-FR\",\"potentialAction\":[{\"@type\":\"ReadAction\",\"target\":[\"https:\/\/ateliersaintamour.fr\/?page_id=499\"]}]},{\"@type\":\"ImageObject\",\"inLanguage\":\"fr-FR\",\"@id\":\"https:\/\/ateliersaintamour.fr\/?page_id=499#primaryimage\",\"url\":\"https:\/\/ateliersaintamour.fr\/wp-content\/uploads\/2026\/02\/Flash.png\",\"contentUrl\":\"https:\/\/ateliersaintamour.fr\/wp-content\/uploads\/2026\/02\/Flash.png\",\"width\":363,\"height\":400},{\"@type\":\"BreadcrumbList\",\"@id\":\"https:\/\/ateliersaintamour.fr\/?page_id=499#breadcrumb\",\"itemListElement\":[{\"@type\":\"ListItem\",\"position\":1,\"name\":\"Accueil\",\"item\":\"https:\/\/ateliersaintamour.fr\/\"},{\"@type\":\"ListItem\",\"position\":2,\"name\":\"La Capsule\"}]},{\"@type\":\"WebSite\",\"@id\":\"https:\/\/ateliersaintamour.fr\/#website\",\"url\":\"https:\/\/ateliersaintamour.fr\/\",\"name\":\"ateliersaintamour.fr\",\"description\":\"\",\"publisher\":{\"@id\":\"https:\/\/ateliersaintamour.fr\/#organization\"},\"potentialAction\":[{\"@type\":\"SearchAction\",\"target\":{\"@type\":\"EntryPoint\",\"urlTemplate\":\"https:\/\/ateliersaintamour.fr\/?s={search_term_string}\"},\"query-input\":{\"@type\":\"PropertyValueSpecification\",\"valueRequired\":true,\"valueName\":\"search_term_string\"}}],\"inLanguage\":\"fr-FR\"},{\"@type\":\"Organization\",\"@id\":\"https:\/\/ateliersaintamour.fr\/#organization\",\"name\":\"ateliersaintamour.fr\",\"url\":\"https:\/\/ateliersaintamour.fr\/\",\"logo\":{\"@type\":\"ImageObject\",\"inLanguage\":\"fr-FR\",\"@id\":\"https:\/\/ateliersaintamour.fr\/#\/schema\/logo\/image\/\",\"url\":\"https:\/\/ateliersaintamour.fr\/wp-content\/uploads\/2026\/02\/logo-principal.svg\",\"contentUrl\":\"https:\/\/ateliersaintamour.fr\/wp-content\/uploads\/2026\/02\/logo-principal.svg\",\"width\":841,\"height\":163,\"caption\":\"ateliersaintamour.fr\"},\"image\":{\"@id\":\"https:\/\/ateliersaintamour.fr\/#\/schema\/logo\/image\/\"}}]}<\/script>\n<!-- \/ Yoast SEO plugin. -->","yoast_head_json":{"title":"La Capsule - ateliersaintamour.fr","description":"Design floral & Graphique - D\u00e9cor & Sc\u00e9nographie - Mariage & \u00c9v\u00e9nement - Herbier - Location de d\u00e9coration - Atelier","robots":{"index":"index","follow":"follow","max-snippet":"max-snippet:-1","max-image-preview":"max-image-preview:large","max-video-preview":"max-video-preview:-1"},"canonical":"https:\/\/ateliersaintamour.fr\/?page_id=499","og_locale":"fr_FR","og_type":"article","og_title":"La Capsule - ateliersaintamour.fr","og_description":"Design floral & Graphique - D\u00e9cor & Sc\u00e9nographie - Mariage & \u00c9v\u00e9nement - Herbier - Location de d\u00e9coration - Atelier","og_url":"https:\/\/ateliersaintamour.fr\/?page_id=499","og_site_name":"ateliersaintamour.fr","article_modified_time":"2026-02-25T17:17:02+00:00","og_image":[{"url":"http:\/\/ateliersaintamour.fr\/wp-content\/uploads\/2026\/02\/Flash.png","type":"","width":"","height":""}],"twitter_card":"summary_large_image","twitter_misc":{"Dur\u00e9e de lecture estim\u00e9e":"3 minutes"},"schema":{"@context":"https:\/\/schema.org","@graph":[{"@type":"WebPage","@id":"https:\/\/ateliersaintamour.fr\/?page_id=499","url":"https:\/\/ateliersaintamour.fr\/?page_id=499","name":"La Capsule - ateliersaintamour.fr","isPartOf":{"@id":"https:\/\/ateliersaintamour.fr\/#website"},"primaryImageOfPage":{"@id":"https:\/\/ateliersaintamour.fr\/?page_id=499#primaryimage"},"image":{"@id":"https:\/\/ateliersaintamour.fr\/?page_id=499#primaryimage"},"thumbnailUrl":"http:\/\/ateliersaintamour.fr\/wp-content\/uploads\/2026\/02\/Flash.png","datePublished":"2022-06-17T07:31:41+00:00","dateModified":"2026-02-25T17:17:02+00:00","description":"Design floral & Graphique - D\u00e9cor & Sc\u00e9nographie - Mariage & \u00c9v\u00e9nement - Herbier - Location de d\u00e9coration - Atelier","breadcrumb":{"@id":"https:\/\/ateliersaintamour.fr\/?page_id=499#breadcrumb"},"inLanguage":"fr-FR","potentialAction":[{"@type":"ReadAction","target":["https:\/\/ateliersaintamour.fr\/?page_id=499"]}]},{"@type":"ImageObject","inLanguage":"fr-FR","@id":"https:\/\/ateliersaintamour.fr\/?page_id=499#primaryimage","url":"https:\/\/ateliersaintamour.fr\/wp-content\/uploads\/2026\/02\/Flash.png","contentUrl":"https:\/\/ateliersaintamour.fr\/wp-content\/uploads\/2026\/02\/Flash.png","width":363,"height":400},{"@type":"BreadcrumbList","@id":"https:\/\/ateliersaintamour.fr\/?page_id=499#breadcrumb","itemListElement":[{"@type":"ListItem","position":1,"name":"Accueil","item":"https:\/\/ateliersaintamour.fr\/"},{"@type":"ListItem","position":2,"name":"La Capsule"}]},{"@type":"WebSite","@id":"https:\/\/ateliersaintamour.fr\/#website","url":"https:\/\/ateliersaintamour.fr\/","name":"ateliersaintamour.fr","description":"","publisher":{"@id":"https:\/\/ateliersaintamour.fr\/#organization"},"potentialAction":[{"@type":"SearchAction","target":{"@type":"EntryPoint","urlTemplate":"https:\/\/ateliersaintamour.fr\/?s={search_term_string}"},"query-input":{"@type":"PropertyValueSpecification","valueRequired":true,"valueName":"search_term_string"}}],"inLanguage":"fr-FR"},{"@type":"Organization","@id":"https:\/\/ateliersaintamour.fr\/#organization","name":"ateliersaintamour.fr","url":"https:\/\/ateliersaintamour.fr\/","logo":{"@type":"ImageObject","inLanguage":"fr-FR","@id":"https:\/\/ateliersaintamour.fr\/#\/schema\/logo\/image\/","url":"https:\/\/ateliersaintamour.fr\/wp-content\/uploads\/2026\/02\/logo-principal.svg","contentUrl":"https:\/\/ateliersaintamour.fr\/wp-content\/uploads\/2026\/02\/logo-principal.svg","width":841,"height":163,"caption":"ateliersaintamour.fr"},"image":{"@id":"https:\/\/ateliersaintamour.fr\/#\/schema\/logo\/image\/"}}]}},"_links":{"self":[{"href":"https:\/\/ateliersaintamour.fr\/index.php?rest_route=\/wp\/v2\/pages\/499","targetHints":{"allow":["GET"]}}],"collection":[{"href":"https:\/\/ateliersaintamour.fr\/index.php?rest_route=\/wp\/v2\/pages"}],"about":[{"href":"https:\/\/ateliersaintamour.fr\/index.php?rest_route=\/wp\/v2\/types\/page"}],"author":[{"embeddable":true,"href":"https:\/\/ateliersaintamour.fr\/index.php?rest_route=\/wp\/v2\/users\/1"}],"replies":[{"embeddable":true,"href":"https:\/\/ateliersaintamour.fr\/index.php?rest_route=%2Fwp%2Fv2%2Fcomments&post=499"}],"version-history":[{"count":47,"href":"https:\/\/ateliersaintamour.fr\/index.php?rest_route=\/wp\/v2\/pages\/499\/revisions"}],"predecessor-version":[{"id":1057,"href":"https:\/\/ateliersaintamour.fr\/index.php?rest_route=\/wp\/v2\/pages\/499\/revisions\/1057"}],"wp:attachment":[{"href":"https:\/\/ateliersaintamour.fr\/index.php?rest_route=%2Fwp%2Fv2%2Fmedia&parent=499"}],"curies":[{"name":"wp","href":"https:\/\/api.w.org\/{rel}","templated":true}]}}